{"id":86,"date":"2024-08-11T11:39:18","date_gmt":"2024-08-11T09:39:18","guid":{"rendered":"https:\/\/www.budokai.se\/?page_id=86"},"modified":"2024-09-01T15:25:44","modified_gmt":"2024-09-01T13:25:44","slug":"iaido","status":"publish","type":"page","link":"https:\/\/www.budokai.se\/index.php\/iaido\/","title":{"rendered":"Iaido"},"content":{"rendered":"\n<div class=\"wp-block-columns is-layout-flex wp-container-core-columns-is-layout-4ac052b1 wp-block-columns-is-layout-flex\" style=\"margin-top:0;margin-bottom:0;padding-top:0;padding-right:0;padding-bottom:0;padding-left:0\">\n<div class=\"wp-block-column has-background is-layout-flow wp-block-column-is-layout-flow\" style=\"background-color:#ffffff87;flex-basis:64%\">\n<figure class=\"wp-block-image size-full\"><img loading=\"lazy\" decoding=\"async\" width=\"604\" height=\"453\" src=\"https:\/\/www.budokai.se\/wp-content\/uploads\/2024\/08\/iaido1.jpg\" alt=\"\" class=\"wp-image-303\" srcset=\"https:\/\/www.budokai.se\/wp-content\/uploads\/2024\/08\/iaido1.jpg 604w, https:\/\/www.budokai.se\/wp-content\/uploads\/2024\/08\/iaido1-300x225.jpg 300w\" sizes=\"auto, (max-width: 604px) 100vw, 604px\" \/><\/figure>\n\n\n\n<p id=\"content_199\">Inom \u00d6stersunds Budo Kai s\u00e5 tr\u00e4nar vi Seitei Iaido och Muso Shinden Ryu. Tr\u00e4ningen sker som en del i jodotr\u00e4ningen och man b\u00f6rjar vanligtvist att tr\u00e4na iaido i termin tv\u00e5.<\/p>\n\n\n\n<p id=\"content_197\">Iaido \u00e4r konsten att dra och hantera det japanska sv\u00e4rdet, s\u00e5som det traditionellt \u00f6vades av den japanska krigaradeln, samurajerna. Sv\u00e4rdets l\u00e4tt kr\u00f6kta form och s\u00e4ttet man bar det p\u00e5, t\u00e4tt intill kroppen, gjorde det m\u00f6jligt att snabbt dra och attackera eller avv\u00e4rja en attack i en och samma r\u00f6relse. Denna dragteknik la grunden till den kampkonst som vi idag kallar iaido. Andra namn p\u00e5 samma typ av sv\u00e4rdskonst \u00e4r&nbsp;<em>iaijutsu<\/em>,&nbsp;<em>batt\u014d<\/em>&nbsp;eller&nbsp;<em>batt\u014djutsu<\/em>.<\/p>\n\n\n\n<p id=\"content_197\">Iaidon har sina r\u00f6tter i stridstr\u00e4ning, men idag tr\u00e4nas sv\u00e4rdskonst inte l\u00e4ngre i strids- eller sj\u00e4lvf\u00f6rsvarssyfte utan som en form av meditation i r\u00f6relse, d\u00e4r man str\u00e4var efter att vara n\u00e4rvarande i sinne och kropp och har sj\u00e4lvf\u00f6rb\u00e4ttring som m\u00e5l. Iaido-ut\u00f6varen str\u00e4var efter att bevara lugnet i stressade situationer och att kunna beh\u00e5lla fokus och balans i alla sammanhang.<\/p>\n<\/div>\n\n\n\n<div class=\"wp-block-column is-layout-flow wp-block-column-is-layout-flow\" style=\"flex-basis:1%\"><\/div>\n\n\n\n<div class=\"wp-block-column has-background is-layout-flow wp-block-column-is-layout-flow\" style=\"background-color:#e5e6e7;padding-top:var(--wp--preset--spacing--30);padding-right:var(--wp--preset--spacing--30);padding-bottom:var(--wp--preset--spacing--30);padding-left:var(--wp--preset--spacing--30);flex-basis:35%\">\n<div class=\"wp-block-query is-layout-flow wp-block-query-is-layout-flow\"><ul class=\"wp-block-post-template is-layout-flow wp-block-post-template-is-layout-flow\"><li class=\"wp-block-post post-502 post type-post status-publish format-standard has-post-thumbnail hentry category-iaido category-jodo\">\n<figure style=\"height:200px;\" class=\"wp-block-post-featured-image\"><a href=\"https:\/\/www.budokai.se\/index.php\/2016\/11\/06\/jubileumslager-umekawa\/\" target=\"_self\"  style=\"height:200px\"><img loading=\"lazy\" decoding=\"async\" width=\"1134\" height=\"756\" src=\"https:\/\/www.budokai.se\/wp-content\/uploads\/2024\/08\/img_5384.jpg\" class=\"attachment-post-thumbnail size-post-thumbnail wp-post-image\" alt=\"Jubileumsl\u00e4ger Umekawa\" style=\"height:200px;object-fit:cover;\" srcset=\"https:\/\/www.budokai.se\/wp-content\/uploads\/2024\/08\/img_5384.jpg 1134w, https:\/\/www.budokai.se\/wp-content\/uploads\/2024\/08\/img_5384-300x200.jpg 300w, https:\/\/www.budokai.se\/wp-content\/uploads\/2024\/08\/img_5384-1024x683.jpg 1024w, https:\/\/www.budokai.se\/wp-content\/uploads\/2024\/08\/img_5384-768x512.jpg 768w\" sizes=\"auto, (max-width: 1134px) 100vw, 1134px\" \/><\/a><\/figure>\n\n\n<div class=\"wp-block-group is-content-justification-space-between is-nowrap is-layout-flex wp-container-core-group-is-layout-cb46ffcb wp-block-group-is-layout-flex\"><h2 class=\"wp-block-post-title has-large-font-size\"><a href=\"https:\/\/www.budokai.se\/index.php\/2016\/11\/06\/jubileumslager-umekawa\/\" target=\"_self\" >Jubileumsl\u00e4ger Umekawa<\/a><\/h2><\/div>\n\n\n<div style=\"font-size:10px;\" class=\"wp-block-post-date\"><time datetime=\"2016-11-06T18:00:00+01:00\">2016-11-06<\/time><\/div>\n\n<div class=\"wp-block-post-excerpt\"><p class=\"wp-block-post-excerpt__excerpt\"> <\/p><\/div>\n\n\n<div style=\"height:5px\" aria-hidden=\"true\" class=\"wp-block-spacer\"><\/div>\n\n\n\n<hr class=\"wp-block-separator has-alpha-channel-opacity is-style-wide\"\/>\n\n\n\n<div style=\"height:5px\" aria-hidden=\"true\" class=\"wp-block-spacer\"><\/div>\n\n<\/li><\/ul>\n\n\n\n<\/div>\n<\/div>\n<\/div>\n\n\n\n<p><\/p>\n","protected":false},"excerpt":{"rendered":"<p>Inom \u00d6stersunds Budo Kai s\u00e5 tr\u00e4nar vi Seitei Iaido och Muso Shinden Ryu. Tr\u00e4ningen sker som en del i jodotr\u00e4ningen och man b\u00f6rjar vanligtvist att tr\u00e4na iaido i termin tv\u00e5. Iaido \u00e4r konsten att dra och hantera det japanska sv\u00e4rdet, s\u00e5som det traditionellt \u00f6vades av den japanska krigaradeln, samurajerna. Sv\u00e4rdets l\u00e4tt kr\u00f6kta form och s\u00e4ttet [&hellip;]<\/p>\n","protected":false},"author":1,"featured_media":0,"parent":0,"menu_order":0,"comment_status":"closed","ping_status":"closed","template":"wp-custom-template-sektionssidor","meta":{"footnotes":""},"class_list":["post-86","page","type-page","status-publish","hentry"],"jetpack_sharing_enabled":true,"_links":{"self":[{"href":"https:\/\/www.budokai.se\/index.php\/wp-json\/wp\/v2\/pages\/86","targetHints":{"allow":["GET"]}}],"collection":[{"href":"https:\/\/www.budokai.se\/index.php\/wp-json\/wp\/v2\/pages"}],"about":[{"href":"https:\/\/www.budokai.se\/index.php\/wp-json\/wp\/v2\/types\/page"}],"author":[{"embeddable":true,"href":"https:\/\/www.budokai.se\/index.php\/wp-json\/wp\/v2\/users\/1"}],"replies":[{"embeddable":true,"href":"https:\/\/www.budokai.se\/index.php\/wp-json\/wp\/v2\/comments?post=86"}],"version-history":[{"count":11,"href":"https:\/\/www.budokai.se\/index.php\/wp-json\/wp\/v2\/pages\/86\/revisions"}],"predecessor-version":[{"id":722,"href":"https:\/\/www.budokai.se\/index.php\/wp-json\/wp\/v2\/pages\/86\/revisions\/722"}],"wp:attachment":[{"href":"https:\/\/www.budokai.se\/index.php\/wp-json\/wp\/v2\/media?parent=86"}],"curies":[{"name":"wp","href":"https:\/\/api.w.org\/{rel}","templated":true}]}}