{"id":83,"date":"2024-08-11T11:37:54","date_gmt":"2024-08-11T09:37:54","guid":{"rendered":"https:\/\/www.budokai.se\/?page_id=83"},"modified":"2025-11-06T10:44:29","modified_gmt":"2025-11-06T09:44:29","slug":"jodo","status":"publish","type":"page","link":"https:\/\/www.budokai.se\/index.php\/jodo\/","title":{"rendered":"Jodo"},"content":{"rendered":"\n<div class=\"wp-block-columns is-layout-flex wp-container-core-columns-is-layout-4ac052b1 wp-block-columns-is-layout-flex\" style=\"margin-top:0;margin-bottom:0;padding-top:0;padding-right:0;padding-bottom:0;padding-left:0\">\n<div class=\"wp-block-column has-background is-layout-flow wp-block-column-is-layout-flow\" style=\"background-color:#ffffff87;flex-basis:64%\">\n<h2 class=\"wp-block-heading\">Jodo<\/h2>\n\n\n\n<figure class=\"wp-block-image size-large\"><img loading=\"lazy\" decoding=\"async\" width=\"1024\" height=\"683\" src=\"https:\/\/www.budokai.se\/wp-content\/uploads\/2024\/08\/OSDbudokai_646A1824_jodo-2-1024x683.jpg\" alt=\"\" class=\"wp-image-201\" srcset=\"https:\/\/www.budokai.se\/wp-content\/uploads\/2024\/08\/OSDbudokai_646A1824_jodo-2-1024x683.jpg 1024w, https:\/\/www.budokai.se\/wp-content\/uploads\/2024\/08\/OSDbudokai_646A1824_jodo-2-300x200.jpg 300w, https:\/\/www.budokai.se\/wp-content\/uploads\/2024\/08\/OSDbudokai_646A1824_jodo-2-768x512.jpg 768w, https:\/\/www.budokai.se\/wp-content\/uploads\/2024\/08\/OSDbudokai_646A1824_jodo-2-1536x1024.jpg 1536w, https:\/\/www.budokai.se\/wp-content\/uploads\/2024\/08\/OSDbudokai_646A1824_jodo-2-2048x1366.jpg 2048w\" sizes=\"auto, (max-width: 1024px) 100vw, 1024px\" \/><\/figure>\n\n\n\n<h4 class=\"wp-block-heading\" id=\"header_156\">Tr\u00e4ningstider<\/h4>\n\n\n\n<p>Vi tr\u00e4nar tisdagar och torsdagar<br><strong>Nyb\u00f6rjare&nbsp;<\/strong>19:00 &#8211; 20:00<br><strong>Avancerade&nbsp;<\/strong>19:00 &#8211; 21:00<\/p>\n\n\n\n<p>Kontakt: <a href=\"mailto:jodo@budokai.se\">jodo@budokai.se<\/a><\/p>\n\n\n\n<h4 class=\"wp-block-heading\">Om jodo<\/h4>\n\n\n\n<p>Jodo \u00e4r en japansk kampart som skapades i b\u00f6rjan av 1600-talet f\u00f6r att anv\u00e4ndas i strid. Idag tr\u00e4nar vi samma tekniker som d\u00e5 men f\u00f6r att tr\u00e4na intuitivt handlande och f\u00f6r att kunna beh\u00e5lla lugnet i pressade situationer, samt f\u00f6r att f\u00e5 b\u00e4ttre koncentration, balans och kondition.<\/p>\n\n\n\n<p id=\"content_151\">En Jo \u00e4r en tr\u00e4stav i vitek som \u00e4r 128 cm l\u00e5ng och ca 2.8 cm i diameter. Kontroll \u00e4r ett centralt begrepp inom Jodo d\u00e5 vi tr\u00e4nar utan skydd. Tr\u00e4ningen kr\u00e4ver stort mentalt engagemang. Den bedrivs i kataform d\u00e5 man l\u00e4r sig ett f\u00f6rutbest\u00e4mt r\u00f6relsem\u00f6nster. Ju mer erfaren man blir dess mer actionfylld kan tr\u00e4ningen bli.<\/p>\n\n\n\n<figure class=\"wp-block-video\"><video height=\"1080\" style=\"aspect-ratio: 1920 \/ 1080;\" width=\"1920\" controls src=\"https:\/\/www.budokai.se\/wp-content\/uploads\/2024\/08\/Jodo-.mp4\"><\/video><\/figure>\n\n\n\n<div data-wp-interactive=\"core\/file\" class=\"wp-block-file\"><object data-wp-bind--hidden=\"!state.hasPdfPreview\" hidden class=\"wp-block-file__embed\" data=\"https:\/\/www.budokai.se\/wp-content\/uploads\/2025\/09\/Shinto-Muso-Ryu-Jodo.pdf\" type=\"application\/pdf\" style=\"width:100%;height:600px\" aria-label=\"Inb\u00e4ddning av Shinto Muso Ryu Jodo.\"><\/object><a id=\"wp-block-file--media-86d64021-5393-4f9e-82f6-63b1cd0ad11a\" href=\"https:\/\/www.budokai.se\/wp-content\/uploads\/2025\/09\/Shinto-Muso-Ryu-Jodo.pdf\">Shinto Muso Ryu Jodo<\/a><a href=\"https:\/\/www.budokai.se\/wp-content\/uploads\/2025\/09\/Shinto-Muso-Ryu-Jodo.pdf\" class=\"wp-block-file__button wp-element-button\" download aria-describedby=\"wp-block-file--media-86d64021-5393-4f9e-82f6-63b1cd0ad11a\">Ladda ner<\/a><\/div>\n<\/div>\n\n\n\n<div class=\"wp-block-column is-layout-flow wp-block-column-is-layout-flow\" style=\"flex-basis:1%\"><\/div>\n\n\n\n<div class=\"wp-block-column has-background is-layout-flow wp-block-column-is-layout-flow\" style=\"background-color:#e5e6e7;padding-top:var(--wp--preset--spacing--30);padding-right:var(--wp--preset--spacing--30);padding-bottom:var(--wp--preset--spacing--30);padding-left:var(--wp--preset--spacing--30);flex-basis:35%\">\n<div class=\"wp-block-query is-layout-flow wp-block-query-is-layout-flow\"><ul class=\"wp-block-post-template is-layout-flow wp-block-post-template-is-layout-flow\"><li class=\"wp-block-post post-903 post type-post status-publish format-standard has-post-thumbnail hentry category-budokai category-jodo\">\n\n<div class=\"wp-block-group is-layout-constrained wp-block-group-is-layout-constrained\">\n<div class=\"wp-block-group is-layout-constrained wp-block-group-is-layout-constrained\"><\/div>\n<\/div>\n\n\n\n<hr class=\"wp-block-separator has-alpha-channel-opacity is-style-wide\"\/>\n\n\n<figure style=\"height:200px;\" class=\"wp-block-post-featured-image\"><a href=\"https:\/\/www.budokai.se\/index.php\/2025\/12\/17\/lucia-lager-13-14-12-2025\/\" target=\"_self\"  style=\"height:200px\"><img loading=\"lazy\" decoding=\"async\" width=\"2560\" height=\"2096\" src=\"https:\/\/www.budokai.se\/wp-content\/uploads\/2025\/12\/IMG_4718-scaled.jpeg\" class=\"attachment-post-thumbnail size-post-thumbnail wp-post-image\" alt=\"Lucia-l\u00e4ger 13-14\/12-2025\" style=\"height:200px;object-fit:cover;\" srcset=\"https:\/\/www.budokai.se\/wp-content\/uploads\/2025\/12\/IMG_4718-scaled.jpeg 2560w, https:\/\/www.budokai.se\/wp-content\/uploads\/2025\/12\/IMG_4718-300x246.jpeg 300w, https:\/\/www.budokai.se\/wp-content\/uploads\/2025\/12\/IMG_4718-1024x838.jpeg 1024w, https:\/\/www.budokai.se\/wp-content\/uploads\/2025\/12\/IMG_4718-768x629.jpeg 768w, https:\/\/www.budokai.se\/wp-content\/uploads\/2025\/12\/IMG_4718-1536x1258.jpeg 1536w, https:\/\/www.budokai.se\/wp-content\/uploads\/2025\/12\/IMG_4718-2048x1677.jpeg 2048w\" sizes=\"auto, (max-width: 2560px) 100vw, 2560px\" \/><\/a><\/figure>\n\n\n<div class=\"wp-block-group is-content-justification-space-between is-nowrap is-layout-flex wp-container-core-group-is-layout-cb46ffcb wp-block-group-is-layout-flex\"><h2 class=\"wp-block-post-title has-large-font-size\"><a href=\"https:\/\/www.budokai.se\/index.php\/2025\/12\/17\/lucia-lager-13-14-12-2025\/\" target=\"_self\" >Lucia-l\u00e4ger 13-14\/12-2025<\/a><\/h2><\/div>\n\n\n<div style=\"font-size:10px;\" class=\"wp-block-post-date\"><time datetime=\"2025-12-17T10:57:51+01:00\">2025-12-17<\/time><\/div>\n\n<div class=\"wp-block-post-excerpt\"><p class=\"wp-block-post-excerpt__excerpt\">Det blev fin uppslutning med deltagare fr\u00e5n Danmark, Finland och s\u00e5 f\u00f6rst\u00e5s \u00d6stersund. Med detta tar vi julledigt och vi ses igen n\u00e4r terminen drar ig\u00e5ng den 13e januari 2026. God jul och gott nytt jodo-\u00e5r! <\/p><\/div>\n\n\n<div style=\"height:5px\" aria-hidden=\"true\" class=\"wp-block-spacer\"><\/div>\n\n\n\n<hr class=\"wp-block-separator has-alpha-channel-opacity is-style-wide\"\/>\n\n\n\n<div style=\"height:5px\" aria-hidden=\"true\" class=\"wp-block-spacer\"><\/div>\n\n<\/li><li class=\"wp-block-post post-899 post type-post status-publish format-standard has-post-thumbnail hentry category-budokai category-jodo\">\n\n<div class=\"wp-block-group is-layout-constrained wp-block-group-is-layout-constrained\">\n<div class=\"wp-block-group is-layout-constrained wp-block-group-is-layout-constrained\"><\/div>\n<\/div>\n\n\n\n<hr class=\"wp-block-separator has-alpha-channel-opacity is-style-wide\"\/>\n\n\n<figure style=\"height:200px;\" class=\"wp-block-post-featured-image\"><a href=\"https:\/\/www.budokai.se\/index.php\/2025\/12\/07\/jodolager-i-danmark\/\" target=\"_self\"  style=\"height:200px\"><img loading=\"lazy\" decoding=\"async\" width=\"1500\" height=\"1070\" src=\"https:\/\/www.budokai.se\/wp-content\/uploads\/2025\/12\/579ca94c-c189-4a75-a6cc-5eae1df430c3-e1765111684693.jpg\" class=\"attachment-post-thumbnail size-post-thumbnail wp-post-image\" alt=\"Jodol\u00e4ger i Danmark\" style=\"height:200px;object-fit:cover;\" srcset=\"https:\/\/www.budokai.se\/wp-content\/uploads\/2025\/12\/579ca94c-c189-4a75-a6cc-5eae1df430c3-e1765111684693.jpg 1500w, https:\/\/www.budokai.se\/wp-content\/uploads\/2025\/12\/579ca94c-c189-4a75-a6cc-5eae1df430c3-e1765111684693-300x214.jpg 300w, https:\/\/www.budokai.se\/wp-content\/uploads\/2025\/12\/579ca94c-c189-4a75-a6cc-5eae1df430c3-e1765111684693-1024x730.jpg 1024w, https:\/\/www.budokai.se\/wp-content\/uploads\/2025\/12\/579ca94c-c189-4a75-a6cc-5eae1df430c3-e1765111684693-768x548.jpg 768w\" sizes=\"auto, (max-width: 1500px) 100vw, 1500px\" \/><\/a><\/figure>\n\n\n<div class=\"wp-block-group is-content-justification-space-between is-nowrap is-layout-flex wp-container-core-group-is-layout-cb46ffcb wp-block-group-is-layout-flex\"><h2 class=\"wp-block-post-title has-large-font-size\"><a href=\"https:\/\/www.budokai.se\/index.php\/2025\/12\/07\/jodolager-i-danmark\/\" target=\"_self\" >Jodol\u00e4ger i Danmark<\/a><\/h2><\/div>\n\n\n<div style=\"font-size:10px;\" class=\"wp-block-post-date\"><time datetime=\"2025-12-07T13:54:46+01:00\">2025-12-07<\/time><\/div>\n\n<div class=\"wp-block-post-excerpt\"><p class=\"wp-block-post-excerpt__excerpt\">Under helgen 29-30 November s\u00e5 var Michael S\u00f6derkvist inbjuden till att h\u00e5lla l\u00e4ger i Vissenbjerg, Danmark. Tim Torfj\u00e4ll f\u00f6ljde med som assistent\/slagp\u00e5se. L\u00e4gret i sig arrangerades utav Akiyama Dojo, den lokala f\u00f6reningen d\u00e4r. N\u00e4rvarande var folk fr\u00e5n Sverige, Danmark och \u00e4ven Ukraina. <\/p><\/div>\n\n\n<div style=\"height:5px\" aria-hidden=\"true\" class=\"wp-block-spacer\"><\/div>\n\n\n\n<hr class=\"wp-block-separator has-alpha-channel-opacity is-style-wide\"\/>\n\n\n\n<div style=\"height:5px\" aria-hidden=\"true\" class=\"wp-block-spacer\"><\/div>\n\n<\/li><li class=\"wp-block-post post-858 post type-post status-publish format-standard has-post-thumbnail hentry category-budokai category-jodo\">\n\n<div class=\"wp-block-group is-layout-constrained wp-block-group-is-layout-constrained\">\n<div class=\"wp-block-group is-layout-constrained wp-block-group-is-layout-constrained\"><\/div>\n<\/div>\n\n\n\n<hr class=\"wp-block-separator has-alpha-channel-opacity is-style-wide\"\/>\n\n\n<figure style=\"height:200px;\" class=\"wp-block-post-featured-image\"><a href=\"https:\/\/www.budokai.se\/index.php\/2025\/08\/19\/sommarlager-i-frankrike\/\" target=\"_self\"  style=\"height:200px\"><img loading=\"lazy\" decoding=\"async\" width=\"2048\" height=\"1365\" src=\"https:\/\/www.budokai.se\/wp-content\/uploads\/2025\/08\/Vigy.jpg\" class=\"attachment-post-thumbnail size-post-thumbnail wp-post-image\" alt=\"Sommarl\u00e4ger i Frankrike\" style=\"height:200px;object-fit:cover;\" srcset=\"https:\/\/www.budokai.se\/wp-content\/uploads\/2025\/08\/Vigy.jpg 2048w, https:\/\/www.budokai.se\/wp-content\/uploads\/2025\/08\/Vigy-300x200.jpg 300w, https:\/\/www.budokai.se\/wp-content\/uploads\/2025\/08\/Vigy-1024x683.jpg 1024w, https:\/\/www.budokai.se\/wp-content\/uploads\/2025\/08\/Vigy-768x512.jpg 768w, https:\/\/www.budokai.se\/wp-content\/uploads\/2025\/08\/Vigy-1536x1024.jpg 1536w\" sizes=\"auto, (max-width: 2048px) 100vw, 2048px\" \/><\/a><\/figure>\n\n\n<div class=\"wp-block-group is-content-justification-space-between is-nowrap is-layout-flex wp-container-core-group-is-layout-cb46ffcb wp-block-group-is-layout-flex\"><h2 class=\"wp-block-post-title has-large-font-size\"><a href=\"https:\/\/www.budokai.se\/index.php\/2025\/08\/19\/sommarlager-i-frankrike\/\" target=\"_self\" >Sommarl\u00e4ger i Frankrike<\/a><\/h2><\/div>\n\n\n<div style=\"font-size:10px;\" class=\"wp-block-post-date\"><time datetime=\"2025-08-19T11:56:26+02:00\">2025-08-19<\/time><\/div>\n\n<div class=\"wp-block-post-excerpt\"><p class=\"wp-block-post-excerpt__excerpt\">\u00d6stersunds Budokai representerades i Europeiska Jodofederationens sommarl\u00e4ger, som detta \u00e5r genomf\u00f6rdes i norra Frankrike. <\/p><\/div>\n\n\n<div style=\"height:5px\" aria-hidden=\"true\" class=\"wp-block-spacer\"><\/div>\n\n\n\n<hr class=\"wp-block-separator has-alpha-channel-opacity is-style-wide\"\/>\n\n\n\n<div style=\"height:5px\" aria-hidden=\"true\" class=\"wp-block-spacer\"><\/div>\n\n<\/li><\/ul>\n\n<nav class=\"wp-block-query-pagination is-layout-flex wp-block-query-pagination-is-layout-flex\" aria-label=\"Sidonumrering\">\n\n\n<div class=\"wp-block-query-pagination-numbers\"><span aria-current=\"page\" class=\"page-numbers current\">1<\/span>\n<a class=\"page-numbers\" href=\"?query-31-page=2\">2<\/a>\n<a class=\"page-numbers\" href=\"?query-31-page=3\">3<\/a><\/div>\n\n<a href=\"\/index.php\/wp-json\/wp\/v2\/pages\/83?query-31-page=2\" class=\"wp-block-query-pagination-next\">N\u00e4sta sida<\/a>\n<\/nav>\n\n<\/div>\n<\/div>\n<\/div>\n\n\n\n<div data-wp-interactive=\"core\/file\" class=\"wp-block-file\"><object data-wp-bind--hidden=\"!state.hasPdfPreview\" hidden class=\"wp-block-file__embed\" data=\"https:\/\/www.budokai.se\/wp-content\/uploads\/2025\/11\/Jodo_La-voie-du-baton_The-way-of-the-stick-Pascal-Krieger.pdf\" type=\"application\/pdf\" style=\"width:100%;height:600px\" aria-label=\"Inb\u00e4ddning av Jod\u00f4_La voie du b\u00e2ton_The way of the stick (Pascal Krieger).\"><\/object><a id=\"wp-block-file--media-2743b575-9728-48e2-8ef6-093e6eaafb9c\" href=\"https:\/\/www.budokai.se\/wp-content\/uploads\/2025\/11\/Jodo_La-voie-du-baton_The-way-of-the-stick-Pascal-Krieger.pdf\">Jod\u00f4_La voie du b\u00e2ton_The way of the stick (Pascal Krieger)<\/a><a href=\"https:\/\/www.budokai.se\/wp-content\/uploads\/2025\/11\/Jodo_La-voie-du-baton_The-way-of-the-stick-Pascal-Krieger.pdf\" class=\"wp-block-file__button wp-element-button\" download aria-describedby=\"wp-block-file--media-2743b575-9728-48e2-8ef6-093e6eaafb9c\">Ladda ner<\/a><\/div>\n","protected":false},"excerpt":{"rendered":"<p>Jodo Tr\u00e4ningstider Vi tr\u00e4nar tisdagar och torsdagarNyb\u00f6rjare&nbsp;19:00 &#8211; 20:00Avancerade&nbsp;19:00 &#8211; 21:00 Kontakt: jodo@budokai.se Om jodo Jodo \u00e4r en japansk kampart som skapades i b\u00f6rjan av 1600-talet f\u00f6r att anv\u00e4ndas i strid. Idag tr\u00e4nar vi samma tekniker som d\u00e5 men f\u00f6r att tr\u00e4na intuitivt handlande och f\u00f6r att kunna beh\u00e5lla lugnet i pressade situationer, samt f\u00f6r [&hellip;]<\/p>\n","protected":false},"author":1,"featured_media":0,"parent":0,"menu_order":0,"comment_status":"closed","ping_status":"closed","template":"wp-custom-template-sektionssidor","meta":{"footnotes":"[]"},"class_list":["post-83","page","type-page","status-publish","hentry"],"jetpack_sharing_enabled":true,"_links":{"self":[{"href":"https:\/\/www.budokai.se\/index.php\/wp-json\/wp\/v2\/pages\/83","targetHints":{"allow":["GET"]}}],"collection":[{"href":"https:\/\/www.budokai.se\/index.php\/wp-json\/wp\/v2\/pages"}],"about":[{"href":"https:\/\/www.budokai.se\/index.php\/wp-json\/wp\/v2\/types\/page"}],"author":[{"embeddable":true,"href":"https:\/\/www.budokai.se\/index.php\/wp-json\/wp\/v2\/users\/1"}],"replies":[{"embeddable":true,"href":"https:\/\/www.budokai.se\/index.php\/wp-json\/wp\/v2\/comments?post=83"}],"version-history":[{"count":26,"href":"https:\/\/www.budokai.se\/index.php\/wp-json\/wp\/v2\/pages\/83\/revisions"}],"predecessor-version":[{"id":891,"href":"https:\/\/www.budokai.se\/index.php\/wp-json\/wp\/v2\/pages\/83\/revisions\/891"}],"wp:attachment":[{"href":"https:\/\/www.budokai.se\/index.php\/wp-json\/wp\/v2\/media?parent=83"}],"curies":[{"name":"wp","href":"https:\/\/api.w.org\/{rel}","templated":true}]}}