{"id":57,"date":"2024-08-02T15:32:08","date_gmt":"2024-08-02T13:32:08","guid":{"rendered":"https:\/\/www.budokai.se\/?page_id=57"},"modified":"2024-11-20T17:33:27","modified_gmt":"2024-11-20T16:33:27","slug":"aikido","status":"publish","type":"page","link":"https:\/\/www.budokai.se\/index.php\/aikido\/","title":{"rendered":"Aikido"},"content":{"rendered":"\n<div class=\"wp-block-columns is-layout-flex wp-container-core-columns-is-layout-4ac052b1 wp-block-columns-is-layout-flex\" style=\"margin-top:0;margin-bottom:0;padding-top:0;padding-right:0;padding-bottom:0;padding-left:0\">\n<div class=\"wp-block-column has-background is-layout-flow wp-block-column-is-layout-flow\" style=\"background-color:#ffffff87;flex-basis:64%\">\n<h2 class=\"wp-block-heading\">Aikido<\/h2>\n\n\n\n<figure class=\"wp-block-image size-large\"><img loading=\"lazy\" decoding=\"async\" width=\"1024\" height=\"558\" src=\"https:\/\/www.budokai.se\/wp-content\/uploads\/2024\/08\/OSDbudokai_646A1772_aikido-e1724098104536-1024x558.jpg\" alt=\"\" class=\"wp-image-198\" srcset=\"https:\/\/www.budokai.se\/wp-content\/uploads\/2024\/08\/OSDbudokai_646A1772_aikido-e1724098104536-1024x558.jpg 1024w, https:\/\/www.budokai.se\/wp-content\/uploads\/2024\/08\/OSDbudokai_646A1772_aikido-e1724098104536-300x163.jpg 300w, https:\/\/www.budokai.se\/wp-content\/uploads\/2024\/08\/OSDbudokai_646A1772_aikido-e1724098104536-768x418.jpg 768w, https:\/\/www.budokai.se\/wp-content\/uploads\/2024\/08\/OSDbudokai_646A1772_aikido-e1724098104536-1536x837.jpg 1536w, https:\/\/www.budokai.se\/wp-content\/uploads\/2024\/08\/OSDbudokai_646A1772_aikido-e1724098104536-2048x1116.jpg 2048w\" sizes=\"auto, (max-width: 1024px) 100vw, 1024px\" \/><\/figure>\n\n\n\n<p>V\u00e4lkommen att tr\u00e4na med oss!<\/p>\n\n\n\n<p id=\"content_121\">Tr\u00e4ningen \u00e4r \u00f6ppen f\u00f6r alla fr\u00e5n \u00e5k9 och alla \u00e5ldrar upp\u00e5t. Vi erbjuder en tr\u00e4ning d\u00e4r h\u00e4lsa och v\u00e4lm\u00e5ende s\u00e4tts i f\u00f6rgrunden.<\/p>\n\n\n\n<p>Ny som erfaren \u00e4r v\u00e4lkommen. F\u00f6r mer information, kontakta oss via mail <a href=\"mailto:aikido@budokai.se\">aikido@budokai.se<\/a>, eller via <a href=\"https:\/\/www.facebook.com\/Ostersund.Aikido.Kampsport.Meditation\">Facebook<\/a>.<\/p>\n\n\n\n<h4 class=\"wp-block-heading\">Tr\u00e4ningstider<\/h4>\n\n\n\n<p>M\u00e5ndag<br>19.00 &#8211; 20.15 Alla, nyb\u00f6rjare och forts\u00e4ttare<br>20.15 &#8211; 21.00 Forts\u00e4ttare (tr\u00e4nat en termin eller mer)<\/p>\n\n\n\n<p>Onsdag<br>19.00 &#8211; 20.15 Alla, nyb\u00f6rjare och forts\u00e4ttare<br>20.15 &#8211; 21.00 Forts\u00e4ttare (tr\u00e4nat en termin eller mer)<\/p>\n\n\n\n<h4 class=\"wp-block-heading\">Mer information<\/h4>\n\n\n\n<p><a href=\"https:\/\/www.budokai.se\/index.php\/nyborjarinfo-aikido\/\" data-type=\"page\" data-id=\"475\"><strong>Nyb\u00f6rjarinformation<\/strong><\/a> &#8211; Vill du veta hur du ska g\u00e5 till v\u00e4ga f\u00f6r att b\u00f6rja tr\u00e4na? H\u00e4r kan du l\u00e4sa om n\u00e4r du kan b\u00f6rja och vad du b\u00f6r t\u00e4nka p\u00e5.<\/p>\n\n\n\n<p id=\"content_348\"><a href=\"https:\/\/www.budokai.se\/index.php\/om-aikido\/\" data-type=\"page\" data-id=\"472\"><strong>Om Aikido<\/strong><\/a>&nbsp;\u2013 Vad \u00e4r Aikido? H\u00e4r finns en kort beskrivning vad det \u00e4r vi tr\u00e4nar.<\/p>\n\n\n\n<p id=\"content_4725\"><a href=\"https:\/\/maps.app.goo.gl\/cDmgzYxrLScFcd4AA\" target=\"_blank\" rel=\"noreferrer noopener\"><strong>Hitta hit<\/strong><\/a>&nbsp;\u2013 Var h\u00e5ller vi till? Karta och adress till v\u00e5r dojo, tr\u00e4ningslokal.<\/p>\n\n\n\n<figure class=\"wp-block-video\"><video height=\"1080\" style=\"aspect-ratio: 1920 \/ 1080;\" width=\"1920\" controls src=\"https:\/\/www.budokai.se\/wp-content\/uploads\/2024\/08\/Aikido.mp4\"><\/video><\/figure>\n\n\n\n<p>Du hittar oss \u00e4ven via:<br>Facebook:&nbsp;<a href=\"https:\/\/www.facebook.com\/Ostersund.Aikido.Kampsport.Meditation\" target=\"_blank\" rel=\"noreferrer noopener\">\u00d6stersunds Budokai Aikido \u2013 Kampsport &amp; Meditation<\/a><br>E-post:&nbsp;<a href=\"mailto:aikido@budokai.se?subject=\">aikido@budokai.se<\/a><br>Vimeo:&nbsp;<a href=\"https:\/\/vimeo.com\/ostersundaikido\" target=\"_blank\" rel=\"noreferrer noopener\">\u00d6stersund Aikido<\/a><\/p>\n<\/div>\n\n\n\n<div class=\"wp-block-column is-layout-flow wp-block-column-is-layout-flow\" style=\"flex-basis:1%\"><\/div>\n\n\n\n<div class=\"wp-block-column has-background is-layout-flow wp-block-column-is-layout-flow\" style=\"background-color:#e5e6e7;padding-top:var(--wp--preset--spacing--30);padding-right:var(--wp--preset--spacing--30);padding-bottom:var(--wp--preset--spacing--30);padding-left:var(--wp--preset--spacing--30);flex-basis:35%\">\n<div class=\"wp-block-query is-layout-flow wp-block-query-is-layout-flow\"><ul class=\"wp-block-post-template is-layout-flow wp-block-post-template-is-layout-flow\"><li class=\"wp-block-post post-977 post type-post status-publish format-standard hentry category-aikido category-budokai\">\n\n\n\n<div class=\"wp-block-group is-content-justification-space-between is-nowrap is-layout-flex wp-container-core-group-is-layout-cb46ffcb wp-block-group-is-layout-flex\"><h2 class=\"wp-block-post-title has-large-font-size\"><a href=\"https:\/\/www.budokai.se\/index.php\/2026\/03\/31\/budo-for-seniorer\/\" target=\"_self\" >Budo f\u00f6r seniorer<\/a><\/h2><\/div>\n\n\n<div style=\"font-size:10px;\" class=\"wp-block-post-date\"><time datetime=\"2026-03-31T21:55:49+02:00\">2026-03-31<\/time><\/div>\n\n<div class=\"wp-block-post-excerpt\"><p class=\"wp-block-post-excerpt__excerpt\">K\u00e4nner du dig begr\u00e4nsad av din \u00e5ldrande kropp? \u00c4r du fortfarande \u00f6ppen och nyfiken f\u00f6r att l\u00e4ra dig nya saker? Kom p\u00e5 v\u00e5r seniorkurs. Vi tr\u00e4nar under 10 veckor balans, r\u00f6rlighet och styrka. Inga f\u00f6rkunskaper kr\u00e4vs. N\u00e4r: Onsdagar 18.40-19.40. Start onsdag 22 april Var: \u00d6stersunds kamphus, Akademigatan 7 Kostnad: 1000 kr (prova p\u00e5 f\u00f6rsta tillf\u00e4llet&hellip; <\/p><\/div>\n\n\n<div style=\"height:5px\" aria-hidden=\"true\" class=\"wp-block-spacer\"><\/div>\n\n\n\n<hr class=\"wp-block-separator has-alpha-channel-opacity is-style-wide\"\/>\n\n\n\n<div style=\"height:5px\" aria-hidden=\"true\" class=\"wp-block-spacer\"><\/div>\n\n<\/li><li class=\"wp-block-post post-457 post type-post status-publish format-standard has-post-thumbnail hentry category-aikido category-budokai\">\n<figure style=\"height:200px;\" class=\"wp-block-post-featured-image\"><a href=\"https:\/\/www.budokai.se\/index.php\/2014\/12\/31\/aikido-winter-games\/\" target=\"_self\"  style=\"height:200px\"><img loading=\"lazy\" decoding=\"async\" width=\"1166\" height=\"778\" src=\"https:\/\/www.budokai.se\/wp-content\/uploads\/2024\/08\/486893IMG_5592.jpg\" class=\"attachment-post-thumbnail size-post-thumbnail wp-post-image\" alt=\"Aikido winter games\" style=\"height:200px;object-fit:cover;\" srcset=\"https:\/\/www.budokai.se\/wp-content\/uploads\/2024\/08\/486893IMG_5592.jpg 1166w, https:\/\/www.budokai.se\/wp-content\/uploads\/2024\/08\/486893IMG_5592-300x200.jpg 300w, https:\/\/www.budokai.se\/wp-content\/uploads\/2024\/08\/486893IMG_5592-1024x683.jpg 1024w, https:\/\/www.budokai.se\/wp-content\/uploads\/2024\/08\/486893IMG_5592-768x512.jpg 768w\" sizes=\"auto, (max-width: 1166px) 100vw, 1166px\" \/><\/a><\/figure>\n\n\n<div class=\"wp-block-group is-content-justification-space-between is-nowrap is-layout-flex wp-container-core-group-is-layout-cb46ffcb wp-block-group-is-layout-flex\"><h2 class=\"wp-block-post-title has-large-font-size\"><a href=\"https:\/\/www.budokai.se\/index.php\/2014\/12\/31\/aikido-winter-games\/\" target=\"_self\" >Aikido winter games<\/a><\/h2><\/div>\n\n\n<div style=\"font-size:10px;\" class=\"wp-block-post-date\"><time datetime=\"2014-12-31T08:06:00+01:00\">2014-12-31<\/time><\/div>\n\n<div class=\"wp-block-post-excerpt\"><p class=\"wp-block-post-excerpt__excerpt\"> <\/p><\/div>\n\n\n<div style=\"height:5px\" aria-hidden=\"true\" class=\"wp-block-spacer\"><\/div>\n\n\n\n<hr class=\"wp-block-separator has-alpha-channel-opacity is-style-wide\"\/>\n\n\n\n<div style=\"height:5px\" aria-hidden=\"true\" class=\"wp-block-spacer\"><\/div>\n\n<\/li><\/ul>\n\n\n\n<\/div>\n<\/div>\n<\/div>\n","protected":false},"excerpt":{"rendered":"<p>Aikido V\u00e4lkommen att tr\u00e4na med oss! Tr\u00e4ningen \u00e4r \u00f6ppen f\u00f6r alla fr\u00e5n \u00e5k9 och alla \u00e5ldrar upp\u00e5t. Vi erbjuder en tr\u00e4ning d\u00e4r h\u00e4lsa och v\u00e4lm\u00e5ende s\u00e4tts i f\u00f6rgrunden. Ny som erfaren \u00e4r v\u00e4lkommen. F\u00f6r mer information, kontakta oss via mail aikido@budokai.se, eller via Facebook. Tr\u00e4ningstider M\u00e5ndag19.00 &#8211; 20.15 Alla, nyb\u00f6rjare och forts\u00e4ttare20.15 &#8211; 21.00 Forts\u00e4ttare [&hellip;]<\/p>\n","protected":false},"author":1,"featured_media":0,"parent":0,"menu_order":0,"comment_status":"closed","ping_status":"closed","template":"wp-custom-template-sektionssidor","meta":{"footnotes":""},"class_list":["post-57","page","type-page","status-publish","hentry"],"jetpack_sharing_enabled":true,"_links":{"self":[{"href":"https:\/\/www.budokai.se\/index.php\/wp-json\/wp\/v2\/pages\/57","targetHints":{"allow":["GET"]}}],"collection":[{"href":"https:\/\/www.budokai.se\/index.php\/wp-json\/wp\/v2\/pages"}],"about":[{"href":"https:\/\/www.budokai.se\/index.php\/wp-json\/wp\/v2\/types\/page"}],"author":[{"embeddable":true,"href":"https:\/\/www.budokai.se\/index.php\/wp-json\/wp\/v2\/users\/1"}],"replies":[{"embeddable":true,"href":"https:\/\/www.budokai.se\/index.php\/wp-json\/wp\/v2\/comments?post=57"}],"version-history":[{"count":9,"href":"https:\/\/www.budokai.se\/index.php\/wp-json\/wp\/v2\/pages\/57\/revisions"}],"predecessor-version":[{"id":597,"href":"https:\/\/www.budokai.se\/index.php\/wp-json\/wp\/v2\/pages\/57\/revisions\/597"}],"wp:attachment":[{"href":"https:\/\/www.budokai.se\/index.php\/wp-json\/wp\/v2\/media?parent=57"}],"curies":[{"name":"wp","href":"https:\/\/api.w.org\/{rel}","templated":true}]}}