{"id":531,"date":"2024-08-27T10:35:46","date_gmt":"2024-08-27T08:35:46","guid":{"rendered":"https:\/\/www.budokai.se\/?page_id=531"},"modified":"2024-11-05T08:54:55","modified_gmt":"2024-11-05T07:54:55","slug":"budokidz-faq","status":"publish","type":"page","link":"https:\/\/www.budokai.se\/index.php\/budokidz-faq\/","title":{"rendered":"Vanliga fr\u00e5gor om Budokidz"},"content":{"rendered":"\n<h2 class=\"wp-block-heading\">Vanliga fr\u00e5gor om Budokidz<\/h2>\n\n\n\n<p id=\"content_4620\">H\u00e4r \u00e4r svar p\u00e5 de vanligaste fr\u00e5gorna som vi f\u00e5r till Budokidz&#8230;<\/p>\n\n\n\n<p id=\"content_1071\">Vi f\u00e5r m\u00e5nga mail av Budokidzf\u00f6r\u00e4ldrar och blivande Budokidzf\u00f6r\u00e4ldrar och besvarar mail i den m\u00e5n vi kan och hinner, men vi har tyv\u00e4rr begr\u00e4nsat med tid att l\u00e4gga p\u00e5 mailen. Vi hoppas dock att denna sida ska kunna hj\u00e4lpa n\u00e5gra av er med n\u00e5gra svar.<\/p>\n\n\n\n<h5 class=\"wp-block-heading\" id=\"header_1069\">N\u00e4r och hur betalar man in medlemsavgiften?<\/h5>\n\n\n\n<p id=\"content_1069\">Varje v\u00e5r och h\u00f6st betalar man medlemsavgiften. Budokidzen betalar 1000:- per termin (100:- medlemsavgift och 900:- tr\u00e4ningsavgift). Avgiften betalas in via SWISH 123-468 94 93 eller till postgirot 237304-1. M\u00e4rk betalningen barnets NAMN, SEKTION och PERSONNUMMER. OBS, man g\u00f6r en inbetalning per person (om man \u00e4r flera i familjen som tr\u00e4nar).<\/p>\n\n\n\n<p id=\"content_1090\">Sista inbetalningsdag \u00e4r den sista i februari m\u00e5nad f\u00f6r v\u00e5rterminen, samt den sista i september m\u00e5nad f\u00f6r h\u00f6stterminen.<\/p>\n\n\n\n<h5 class=\"wp-block-heading\" id=\"header_1067\">Var best\u00e4ller man dr\u00e4kt och hur betalar man?<\/h5>\n\n\n\n<p id=\"content_1067\">Klubben s\u00e4ljer dr\u00e4kter till f\u00f6rm\u00e5nliga priser. Dr\u00e4kten kostar 450:- och betalas in via SWISH 123-468 94 93 eller till postgirot 237304-1. F\u00f6r Budokidz ing\u00e5r alla grader (d v s nya b\u00e4lten).<br>Prata med en instrukt\u00f6r f\u00f6r att kolla storlekar. Betala in och m\u00e4rk betalningen med NAMN, SEKTION och DR\u00c4KT. Visa betalningsbekr\u00e4ftelse. H\u00e4mta ut dr\u00e4kt.<\/p>\n\n\n\n<h5 class=\"wp-block-heading\" id=\"header_1068\">M\u00e5ste barnen ha dr\u00e4kt?<\/h5>\n\n\n\n<p id=\"content_1068\">Nej, det g\u00e5r bra att tr\u00e4na i vanliga mjuka kl\u00e4der under den f\u00f6rsta terminen. Sedan \u00e4r det bra om man k\u00f6per dr\u00e4kt d\u00e5 tekniker kr\u00e4ver lite h\u00e5rdare tag i kl\u00e4der och b\u00e4lte. N\u00e4r barnen graderar \u00e4r det f\u00f6rst\u00e5s roligt f\u00f6r dem att ha ett b\u00e4lte d\u00e5 detta representerar den grad de har. Det f\u00f6rsta b\u00e4ltet f\u00e5r man till dr\u00e4kten, \u00f6vriga b\u00e4lten ing\u00e5r i medlemsavg.<\/p>\n\n\n\n<h5 class=\"wp-block-heading\" id=\"header_1070\">F\u00f6ruts\u00e4ttningar f\u00f6r k\u00f6lista till budokidz<\/h5>\n\n\n\n<p id=\"content_1070\">Budokidz har intag efter en s\u00e4rskild k\u00f6lista. D\u00e5 s\u00f6kandetrycket \u00e4r mycket h\u00f6gt m\u00e5ste vi ibland st\u00e4nga ned listan f\u00f6r att k\u00f6tiderna inte ska bli orimligt l\u00e5nga.<\/p>\n\n\n\n<p id=\"content_1070\">Vi tar bara emot anm\u00e4lningar fr\u00e5n barn som g\u00e5r mellan \u00e5k 1 och 4. Vi har ingen v\u00e4ntelista. F\u00e5r man erbjudandet om plats och tackar nej s\u00e5 f\u00e5r man anm\u00e4la sig igen till n\u00e4sta termin om intresse finns. F\u00e5r man inte plats till den aktuella terminen man s\u00f6ker till, s\u00e5 f\u00e5r man s\u00f6ka igen till n\u00e4sta termin.<\/p>\n\n\n\n<p id=\"content_1070\">Man anm\u00e4ler sig enbart till den kommande terminen.<\/p>\n\n\n\n<h5 class=\"wp-block-heading\" id=\"header_1088\">F\u00e5r barnen prova p\u00e5 innan de best\u00e4mmer sig?<\/h5>\n\n\n\n<p id=\"content_1088\">Sj\u00e4lvklart f\u00e5r barnen prova ett par veckor.<\/p>\n\n\n\n<h5 class=\"wp-block-heading\" id=\"header_1089\">F\u00e5r f\u00f6r\u00e4ldrarna titta p\u00e5 tr\u00e4ningarna?<\/h5>\n\n\n\n<p id=\"content_1089\">Ja, under de f\u00f6rsta veckorna g\u00e5r det bra att f\u00f6r\u00e4ldrarna \u00e4r med. Men d\u00e5 tr\u00e4ningsytorna \u00e4r sm\u00e5 och barnen \u00e4r m\u00e5nga ser vi sedan helst att ni l\u00e4mnar och h\u00e4mtar.<\/p>\n\n\n\n<h5 class=\"wp-block-heading\" id=\"header_1087\">M\u00e5ste man st\u00e4lla upp skorna p\u00e5 hyllan?<\/h5>\n\n\n\n<p id=\"content_1087\">Ja! Eller \u00e5tminstone rada upp dem p\u00e5 golvet om de inte f\u00e5r plats p\u00e5 hyllorna<br>(och ja det \u00e4r en fr\u00e5ga som \u00e4r skapad av instrukt\u00f6rerna ;p).<\/p>\n","protected":false},"excerpt":{"rendered":"<p>Vanliga fr\u00e5gor om Budokidz H\u00e4r \u00e4r svar p\u00e5 de vanligaste fr\u00e5gorna som vi f\u00e5r till Budokidz&#8230; Vi f\u00e5r m\u00e5nga mail av Budokidzf\u00f6r\u00e4ldrar och blivande Budokidzf\u00f6r\u00e4ldrar och besvarar mail i den m\u00e5n vi kan och hinner, men vi har tyv\u00e4rr begr\u00e4nsat med tid att l\u00e4gga p\u00e5 mailen. Vi hoppas dock att denna sida ska kunna hj\u00e4lpa [&hellip;]<\/p>\n","protected":false},"author":1,"featured_media":0,"parent":0,"menu_order":0,"comment_status":"closed","ping_status":"closed","template":"wp-custom-template-bara-sidhuvud","meta":{"footnotes":""},"class_list":["post-531","page","type-page","status-publish","hentry"],"jetpack_sharing_enabled":true,"_links":{"self":[{"href":"https:\/\/www.budokai.se\/index.php\/wp-json\/wp\/v2\/pages\/531","targetHints":{"allow":["GET"]}}],"collection":[{"href":"https:\/\/www.budokai.se\/index.php\/wp-json\/wp\/v2\/pages"}],"about":[{"href":"https:\/\/www.budokai.se\/index.php\/wp-json\/wp\/v2\/types\/page"}],"author":[{"embeddable":true,"href":"https:\/\/www.budokai.se\/index.php\/wp-json\/wp\/v2\/users\/1"}],"replies":[{"embeddable":true,"href":"https:\/\/www.budokai.se\/index.php\/wp-json\/wp\/v2\/comments?post=531"}],"version-history":[{"count":3,"href":"https:\/\/www.budokai.se\/index.php\/wp-json\/wp\/v2\/pages\/531\/revisions"}],"predecessor-version":[{"id":717,"href":"https:\/\/www.budokai.se\/index.php\/wp-json\/wp\/v2\/pages\/531\/revisions\/717"}],"wp:attachment":[{"href":"https:\/\/www.budokai.se\/index.php\/wp-json\/wp\/v2\/media?parent=531"}],"curies":[{"name":"wp","href":"https:\/\/api.w.org\/{rel}","templated":true}]}}